{"id":1685,"date":"2022-11-24T15:55:00","date_gmt":"2022-11-24T15:55:00","guid":{"rendered":"http:\/\/anubisquaw.it\/benvenuto\/?page_id=1685"},"modified":"2023-12-22T15:46:29","modified_gmt":"2023-12-22T15:46:29","slug":"sogno-o-son-deste","status":"publish","type":"page","link":"http:\/\/anubisquaw.it\/benvenuto\/sogno-o-son-deste\/","title":{"rendered":"Sogno o son D&#8217;Este?"},"content":{"rendered":"\n<p><strong>Anno 1510<\/strong>.<\/p>\n\n\n\n<p><strong>Alfonso d\u2019Este<\/strong>, terzo Duca di Ferrara, fatica a tenere ordine e disciplina persino dentro il proprio palazzo. Ognuno cerca di <strong>trarre vantaggio dalla propria posizione<\/strong>, e il Duca rischia di farne le spese. Sono infatti in molti <strong>a desiderare la sua morte<\/strong>.<\/p>\n\n\n\n<p>Qualcuno mette a segno i propri propositi: <strong>il Duca viene avvelenato<\/strong>.<\/p>\n\n\n\n<p>Ma quando tutto sembra essere risolto, nella storia si inserisce <strong>un nuovo, strano personaggio<\/strong> che ingarbuglier\u00e0 di nuovo le cose.<\/p>\n\n\n\n<p>I libri di storia vi diranno che il Duca \u00e8 morto nel 1534. Ma, <strong>forse, non \u00e8 cos\u00ec:<\/strong> in realt\u00e0, \u00e8 stato ucciso nel 1510. Noi <strong>vi raccontiamo com&#8217;\u00e8 andata veramente<\/strong>, ma toccher\u00e0 a voi <strong>risolvere il mistero<\/strong>.<\/p>\n\n\n\n<p><strong><em>A chi \u00e8 rivolto?<\/em><\/strong><\/p>\n\n\n\n<p>Agli amanti del <strong>Rinascimento<\/strong>, ai fans di <strong>Lucrezia Borgia<\/strong>, a chi ama gli <strong>enigmi complicati<\/strong>, a chi aveva un parente <strong>Conestabile<\/strong>, agli estimatori dei <strong>veleni<\/strong>, a chi non ha paura di non credere alla storiografia ufficiale.<\/p>\n\n\n\n<p><strong>Spettacolo a 3 Attori<\/strong><\/p>\n\n\n\n<p><strong>DISPONIBILE<\/strong><\/p>\n","protected":false},"excerpt":{"rendered":"<p>Anno 1510. Alfonso d\u2019Este, terzo Duca di Ferrara, fatica a tenere ordine e disciplina persino dentro il proprio palazzo. Ognuno cerca di trarre vantaggio dalla propria posizione, e il Duca rischia di farne le&#46;&#46;&#46;<\/p>\n","protected":false},"author":1,"featured_media":0,"parent":0,"menu_order":0,"comment_status":"closed","ping_status":"closed","template":"","meta":[],"_links":{"self":[{"href":"http:\/\/anubisquaw.it\/benvenuto\/wp-json\/wp\/v2\/pages\/1685"}],"collection":[{"href":"http:\/\/anubisquaw.it\/benvenuto\/wp-json\/wp\/v2\/pages"}],"about":[{"href":"http:\/\/anubisquaw.it\/benvenuto\/wp-json\/wp\/v2\/types\/page"}],"author":[{"embeddable":true,"href":"http:\/\/anubisquaw.it\/benvenuto\/wp-json\/wp\/v2\/users\/1"}],"replies":[{"embeddable":true,"href":"http:\/\/anubisquaw.it\/benvenuto\/wp-json\/wp\/v2\/comments?post=1685"}],"version-history":[{"count":3,"href":"http:\/\/anubisquaw.it\/benvenuto\/wp-json\/wp\/v2\/pages\/1685\/revisions"}],"predecessor-version":[{"id":1937,"href":"http:\/\/anubisquaw.it\/benvenuto\/wp-json\/wp\/v2\/pages\/1685\/revisions\/1937"}],"wp:attachment":[{"href":"http:\/\/anubisquaw.it\/benvenuto\/wp-json\/wp\/v2\/media?parent=1685"}],"curies":[{"name":"wp","href":"https:\/\/api.w.org\/{rel}","templated":true}]}}